{"id":8,"date":"2023-07-28T12:26:43","date_gmt":"2023-07-28T10:26:43","guid":{"rendered":"http:\/\/lekridesign.com\/?page_id=8"},"modified":"2026-04-05T07:36:07","modified_gmt":"2026-04-05T05:36:07","slug":"contact","status":"publish","type":"page","link":"https:\/\/lekridesign.com\/index.php\/contact\/","title":{"rendered":"Contact"},"content":{"rendered":"\n<p><\/p>\n\n\n\n<div class=\"wp-block-columns is-layout-flex wp-container-core-columns-is-layout-28f84493 wp-block-columns-is-layout-flex\">\n<div class=\"wp-block-column is-layout-flow wp-block-column-is-layout-flow\" style=\"flex-basis:33.33%\">\n<figure class=\"wp-block-image aligncenter size-full is-style-rounded\"><noscript><img loading=\"lazy\" decoding=\"async\" width=\"2560\" height=\"2560\" data-skip-lazy src=\"https:\/\/lekridesign.com\/wp-content\/uploads\/2026\/04\/christel-SAJAS-scaled.jpg\" alt=\"\" class=\"wp-image-353\" srcset=\"https:\/\/lekridesign.com\/wp-content\/uploads\/2026\/04\/christel-SAJAS-scaled.jpg 2560w, https:\/\/lekridesign.com\/wp-content\/uploads\/2026\/04\/christel-SAJAS-300x300.jpg 300w, https:\/\/lekridesign.com\/wp-content\/uploads\/2026\/04\/christel-SAJAS-1024x1024.jpg 1024w, https:\/\/lekridesign.com\/wp-content\/uploads\/2026\/04\/christel-SAJAS-150x150.jpg 150w, https:\/\/lekridesign.com\/wp-content\/uploads\/2026\/04\/christel-SAJAS-2000x2000.jpg 2000w, https:\/\/lekridesign.com\/wp-content\/uploads\/2026\/04\/christel-SAJAS-scaled-500x500.jpg 500w, https:\/\/lekridesign.com\/wp-content\/uploads\/2026\/04\/christel-SAJAS-scaled-800x800.jpg 800w, https:\/\/lekridesign.com\/wp-content\/uploads\/2026\/04\/christel-SAJAS-scaled-1280x1280.jpg 1280w, https:\/\/lekridesign.com\/wp-content\/uploads\/2026\/04\/christel-SAJAS-scaled-1920x1920.jpg 1920w\" sizes=\"auto, (max-width: 2560px) 100vw, 2560px\" \/><\/noscript><img loading=\"eager\" decoding=\"async\" width=\"2560\" height=\"2560\" src=\"https:\/\/lekridesign.com\/wp-content\/uploads\/2026\/04\/christel-SAJAS-scaled.jpg\" alt class=\"wp-image-353 vp-lazyload\" srcset=\"data:image\/svg+xml;base64,PHN2ZyB3aWR0aD0iMjU2MCIgaGVpZ2h0PSIyNTYwIiB2aWV3Qm94PSIwIDAgMjU2MCAyNTYwIiBmaWxsPSJub25lIiB4bWxucz0iaHR0cDovL3d3dy53My5vcmcvMjAwMC9zdmciPjwvc3ZnPg==\" data-src=\"https:\/\/lekridesign.com\/wp-content\/uploads\/2026\/04\/christel-SAJAS-scaled.jpg\" data-srcset=\"https:\/\/lekridesign.com\/wp-content\/uploads\/2026\/04\/christel-SAJAS-scaled.jpg 2560w, https:\/\/lekridesign.com\/wp-content\/uploads\/2026\/04\/christel-SAJAS-300x300.jpg 300w, https:\/\/lekridesign.com\/wp-content\/uploads\/2026\/04\/christel-SAJAS-1024x1024.jpg 1024w, https:\/\/lekridesign.com\/wp-content\/uploads\/2026\/04\/christel-SAJAS-150x150.jpg 150w, https:\/\/lekridesign.com\/wp-content\/uploads\/2026\/04\/christel-SAJAS-2000x2000.jpg 2000w, https:\/\/lekridesign.com\/wp-content\/uploads\/2026\/04\/christel-SAJAS-scaled-500x500.jpg 500w, https:\/\/lekridesign.com\/wp-content\/uploads\/2026\/04\/christel-SAJAS-scaled-800x800.jpg 800w, https:\/\/lekridesign.com\/wp-content\/uploads\/2026\/04\/christel-SAJAS-scaled-1280x1280.jpg 1280w, https:\/\/lekridesign.com\/wp-content\/uploads\/2026\/04\/christel-SAJAS-scaled-1920x1920.jpg 1920w\" data-sizes=\"auto\"><\/figure>\n<\/div>\n\n\n\n<div class=\"wp-block-column is-layout-flow wp-block-column-is-layout-flow\"><\/div>\n\n\n\n<div class=\"wp-block-column is-vertically-aligned-center is-layout-flow wp-block-column-is-layout-flow\" style=\"flex-basis:66.66%\">\n<p>LeKri-Design est dirig\u00e9 par <strong>Christel Sajas, directrice artistique et graphiste ind\u00e9pendante<\/strong> depuis 2011.<\/p>\n\n\n\n<p>Si la plupart de<strong>s projets r\u00e9alis\u00e9s<\/strong> est effectu\u00e9 <strong>sur place,<\/strong> il est \u00e9galement <strong>possible de venir directement dans votre entreprise, votre soci\u00e9t\u00e9 ou votre association<\/strong> afin d&#8217;effectuer les <strong>prestations en direct avec vos \u00e9quipes<\/strong> et de simplifier au maximum nos \u00e9changes et la r\u00e9activit\u00e9 de ces derniers.<br><br>Plus de renseignements ?<br>Contactez-moi au <strong><span style=\"text-decoration: underline;\">06 22 80 14 71<\/span><\/strong> ou sur <strong><span style=\"text-decoration: underline;\">lekridesign@gmail.com<\/span><\/strong><br><br><\/p>\n<\/div>\n<\/div>\n\n\n\n<div class=\"wp-block-columns is-layout-flex wp-container-core-columns-is-layout-28f84493 wp-block-columns-is-layout-flex\">\n<div class=\"wp-block-column is-layout-flow wp-block-column-is-layout-flow\">\n<div class=\"wp-block-buttons is-content-justification-center is-layout-flex wp-container-core-buttons-is-layout-a89b3969 wp-block-buttons-is-layout-flex\"><\/div>\n<\/div>\n<\/div>\n\n\n\n<p><\/p>\n","protected":false},"excerpt":{"rendered":"<p>LeKri-Design est dirig\u00e9 par Christel Sajas, directrice artistique et graphiste ind\u00e9pendante depuis 2011. Si la plupart des projets r\u00e9alis\u00e9s est effectu\u00e9 sur place, il est \u00e9galement possible de venir directement dans votre entreprise, votre soci\u00e9t\u00e9 ou votre association afin d&#8217;effectuer les prestations en direct avec vos \u00e9quipes et de simplifier au maximum nos \u00e9changes et &hellip; <\/p>\n<p class=\"link-more\"><a href=\"https:\/\/lekridesign.com\/index.php\/contact\/\" class=\"more-link\">Read more<span class=\"screen-reader-text\"> &#8220;Contact&#8221;<\/span><\/a><\/p>\n","protected":false},"author":1,"featured_media":162,"parent":0,"menu_order":0,"comment_status":"closed","ping_status":"closed","template":"","meta":{"_vp_format_video_url":"","_vp_image_focal_point":[],"inspiro_hide_title":false,"footnotes":""},"class_list":["post-8","page","type-page","status-publish","has-post-thumbnail","hentry"],"yoast_head":"<!-- This site is optimized with the Yoast SEO plugin v27.3 - https:\/\/yoast.com\/product\/yoast-seo-wordpress\/ -->\n<title>Contact - LeKriDesign<\/title>\n<meta name=\"description\" content=\"LeKri-Design est dirig\u00e9 par Christel Sajas, directrice artistique et graphiste ind\u00e9pendante depuis 2011. Prenons contact !\" \/>\n<meta name=\"robots\" content=\"index, follow, max-snippet:-1, max-image-preview:large, max-video-preview:-1\" \/>\n<link rel=\"canonical\" href=\"https:\/\/lekridesign.com\/index.php\/contact\/\" \/>\n<meta property=\"og:locale\" content=\"en_US\" \/>\n<meta property=\"og:type\" content=\"article\" \/>\n<meta property=\"og:title\" content=\"Contact - LeKriDesign\" \/>\n<meta property=\"og:description\" content=\"LeKri-Design est dirig\u00e9 par Christel Sajas, directrice artistique et graphiste ind\u00e9pendante depuis 2011. Prenons contact !\" \/>\n<meta property=\"og:url\" content=\"https:\/\/lekridesign.com\/index.php\/contact\/\" \/>\n<meta property=\"og:site_name\" content=\"LeKriDesign\" \/>\n<meta property=\"article:publisher\" content=\"https:\/\/www.facebook.com\/LeKriDesign\" \/>\n<meta property=\"article:modified_time\" content=\"2026-04-05T05:36:07+00:00\" \/>\n<meta property=\"og:image\" content=\"http:\/\/lekridesign.com\/wp-content\/uploads\/2024\/07\/449685143_455683557322546_2813225006840907484_n.jpg\" \/>\n\t<meta property=\"og:image:width\" content=\"1080\" \/>\n\t<meta property=\"og:image:height\" content=\"1350\" \/>\n\t<meta property=\"og:image:type\" content=\"image\/jpeg\" \/>\n<meta name=\"twitter:card\" content=\"summary_large_image\" \/>\n<meta name=\"twitter:label1\" content=\"Est. reading time\" \/>\n\t<meta name=\"twitter:data1\" content=\"1 minute\" \/>\n<script type=\"application\/ld+json\" class=\"yoast-schema-graph\">{\"@context\":\"https:\\\/\\\/schema.org\",\"@graph\":[{\"@type\":\"WebPage\",\"@id\":\"https:\\\/\\\/lekridesign.com\\\/index.php\\\/contact\\\/\",\"url\":\"https:\\\/\\\/lekridesign.com\\\/index.php\\\/contact\\\/\",\"name\":\"Contact - LeKriDesign\",\"isPartOf\":{\"@id\":\"https:\\\/\\\/lekridesign.com\\\/#website\"},\"primaryImageOfPage\":{\"@id\":\"https:\\\/\\\/lekridesign.com\\\/index.php\\\/contact\\\/#primaryimage\"},\"image\":{\"@id\":\"https:\\\/\\\/lekridesign.com\\\/index.php\\\/contact\\\/#primaryimage\"},\"thumbnailUrl\":\"https:\\\/\\\/lekridesign.com\\\/wp-content\\\/uploads\\\/2024\\\/07\\\/449685143_455683557322546_2813225006840907484_n.jpg\",\"datePublished\":\"2023-07-28T10:26:43+00:00\",\"dateModified\":\"2026-04-05T05:36:07+00:00\",\"description\":\"LeKri-Design est dirig\u00e9 par Christel Sajas, directrice artistique et graphiste ind\u00e9pendante depuis 2011. Prenons contact !\",\"breadcrumb\":{\"@id\":\"https:\\\/\\\/lekridesign.com\\\/index.php\\\/contact\\\/#breadcrumb\"},\"inLanguage\":\"en-US\",\"potentialAction\":[{\"@type\":\"ReadAction\",\"target\":[\"https:\\\/\\\/lekridesign.com\\\/index.php\\\/contact\\\/\"]}]},{\"@type\":\"ImageObject\",\"inLanguage\":\"en-US\",\"@id\":\"https:\\\/\\\/lekridesign.com\\\/index.php\\\/contact\\\/#primaryimage\",\"url\":\"https:\\\/\\\/lekridesign.com\\\/wp-content\\\/uploads\\\/2024\\\/07\\\/449685143_455683557322546_2813225006840907484_n.jpg\",\"contentUrl\":\"https:\\\/\\\/lekridesign.com\\\/wp-content\\\/uploads\\\/2024\\\/07\\\/449685143_455683557322546_2813225006840907484_n.jpg\",\"width\":1080,\"height\":1350},{\"@type\":\"BreadcrumbList\",\"@id\":\"https:\\\/\\\/lekridesign.com\\\/index.php\\\/contact\\\/#breadcrumb\",\"itemListElement\":[{\"@type\":\"ListItem\",\"position\":1,\"name\":\"Home\",\"item\":\"https:\\\/\\\/lekridesign.com\\\/\"},{\"@type\":\"ListItem\",\"position\":2,\"name\":\"Contact\"}]},{\"@type\":\"WebSite\",\"@id\":\"https:\\\/\\\/lekridesign.com\\\/#website\",\"url\":\"https:\\\/\\\/lekridesign.com\\\/\",\"name\":\"LeKriDesign\",\"description\":\"La cr\u00e9ativit\u00e9 comme source d\u2019inspiration pour une communication 360\u00b0 sur-mesure.\",\"publisher\":{\"@id\":\"https:\\\/\\\/lekridesign.com\\\/#organization\"},\"potentialAction\":[{\"@type\":\"SearchAction\",\"target\":{\"@type\":\"EntryPoint\",\"urlTemplate\":\"https:\\\/\\\/lekridesign.com\\\/?s={search_term_string}\"},\"query-input\":{\"@type\":\"PropertyValueSpecification\",\"valueRequired\":true,\"valueName\":\"search_term_string\"}}],\"inLanguage\":\"en-US\"},{\"@type\":\"Organization\",\"@id\":\"https:\\\/\\\/lekridesign.com\\\/#organization\",\"name\":\"LeKriDesign\",\"url\":\"https:\\\/\\\/lekridesign.com\\\/\",\"logo\":{\"@type\":\"ImageObject\",\"inLanguage\":\"en-US\",\"@id\":\"https:\\\/\\\/lekridesign.com\\\/#\\\/schema\\\/logo\\\/image\\\/\",\"url\":\"https:\\\/\\\/lekridesign.com\\\/wp-content\\\/uploads\\\/2023\\\/07\\\/cropped-logo-lk.png\",\"contentUrl\":\"https:\\\/\\\/lekridesign.com\\\/wp-content\\\/uploads\\\/2023\\\/07\\\/cropped-logo-lk.png\",\"width\":1323,\"height\":1320,\"caption\":\"LeKriDesign\"},\"image\":{\"@id\":\"https:\\\/\\\/lekridesign.com\\\/#\\\/schema\\\/logo\\\/image\\\/\"},\"sameAs\":[\"https:\\\/\\\/www.facebook.com\\\/LeKriDesign\",\"https:\\\/\\\/www.instagram.com\\\/lekridesign\"]}]}<\/script>\n<!-- \/ Yoast SEO plugin. -->","yoast_head_json":{"title":"Contact - LeKriDesign","description":"LeKri-Design est dirig\u00e9 par Christel Sajas, directrice artistique et graphiste ind\u00e9pendante depuis 2011. Prenons contact !","robots":{"index":"index","follow":"follow","max-snippet":"max-snippet:-1","max-image-preview":"max-image-preview:large","max-video-preview":"max-video-preview:-1"},"canonical":"https:\/\/lekridesign.com\/index.php\/contact\/","og_locale":"en_US","og_type":"article","og_title":"Contact - LeKriDesign","og_description":"LeKri-Design est dirig\u00e9 par Christel Sajas, directrice artistique et graphiste ind\u00e9pendante depuis 2011. Prenons contact !","og_url":"https:\/\/lekridesign.com\/index.php\/contact\/","og_site_name":"LeKriDesign","article_publisher":"https:\/\/www.facebook.com\/LeKriDesign","article_modified_time":"2026-04-05T05:36:07+00:00","og_image":[{"width":1080,"height":1350,"url":"http:\/\/lekridesign.com\/wp-content\/uploads\/2024\/07\/449685143_455683557322546_2813225006840907484_n.jpg","type":"image\/jpeg"}],"twitter_card":"summary_large_image","twitter_misc":{"Est. reading time":"1 minute"},"schema":{"@context":"https:\/\/schema.org","@graph":[{"@type":"WebPage","@id":"https:\/\/lekridesign.com\/index.php\/contact\/","url":"https:\/\/lekridesign.com\/index.php\/contact\/","name":"Contact - LeKriDesign","isPartOf":{"@id":"https:\/\/lekridesign.com\/#website"},"primaryImageOfPage":{"@id":"https:\/\/lekridesign.com\/index.php\/contact\/#primaryimage"},"image":{"@id":"https:\/\/lekridesign.com\/index.php\/contact\/#primaryimage"},"thumbnailUrl":"https:\/\/lekridesign.com\/wp-content\/uploads\/2024\/07\/449685143_455683557322546_2813225006840907484_n.jpg","datePublished":"2023-07-28T10:26:43+00:00","dateModified":"2026-04-05T05:36:07+00:00","description":"LeKri-Design est dirig\u00e9 par Christel Sajas, directrice artistique et graphiste ind\u00e9pendante depuis 2011. Prenons contact !","breadcrumb":{"@id":"https:\/\/lekridesign.com\/index.php\/contact\/#breadcrumb"},"inLanguage":"en-US","potentialAction":[{"@type":"ReadAction","target":["https:\/\/lekridesign.com\/index.php\/contact\/"]}]},{"@type":"ImageObject","inLanguage":"en-US","@id":"https:\/\/lekridesign.com\/index.php\/contact\/#primaryimage","url":"https:\/\/lekridesign.com\/wp-content\/uploads\/2024\/07\/449685143_455683557322546_2813225006840907484_n.jpg","contentUrl":"https:\/\/lekridesign.com\/wp-content\/uploads\/2024\/07\/449685143_455683557322546_2813225006840907484_n.jpg","width":1080,"height":1350},{"@type":"BreadcrumbList","@id":"https:\/\/lekridesign.com\/index.php\/contact\/#breadcrumb","itemListElement":[{"@type":"ListItem","position":1,"name":"Home","item":"https:\/\/lekridesign.com\/"},{"@type":"ListItem","position":2,"name":"Contact"}]},{"@type":"WebSite","@id":"https:\/\/lekridesign.com\/#website","url":"https:\/\/lekridesign.com\/","name":"LeKriDesign","description":"La cr\u00e9ativit\u00e9 comme source d\u2019inspiration pour une communication 360\u00b0 sur-mesure.","publisher":{"@id":"https:\/\/lekridesign.com\/#organization"},"potentialAction":[{"@type":"SearchAction","target":{"@type":"EntryPoint","urlTemplate":"https:\/\/lekridesign.com\/?s={search_term_string}"},"query-input":{"@type":"PropertyValueSpecification","valueRequired":true,"valueName":"search_term_string"}}],"inLanguage":"en-US"},{"@type":"Organization","@id":"https:\/\/lekridesign.com\/#organization","name":"LeKriDesign","url":"https:\/\/lekridesign.com\/","logo":{"@type":"ImageObject","inLanguage":"en-US","@id":"https:\/\/lekridesign.com\/#\/schema\/logo\/image\/","url":"https:\/\/lekridesign.com\/wp-content\/uploads\/2023\/07\/cropped-logo-lk.png","contentUrl":"https:\/\/lekridesign.com\/wp-content\/uploads\/2023\/07\/cropped-logo-lk.png","width":1323,"height":1320,"caption":"LeKriDesign"},"image":{"@id":"https:\/\/lekridesign.com\/#\/schema\/logo\/image\/"},"sameAs":["https:\/\/www.facebook.com\/LeKriDesign","https:\/\/www.instagram.com\/lekridesign"]}]}},"_links":{"self":[{"href":"https:\/\/lekridesign.com\/index.php\/wp-json\/wp\/v2\/pages\/8","targetHints":{"allow":["GET"]}}],"collection":[{"href":"https:\/\/lekridesign.com\/index.php\/wp-json\/wp\/v2\/pages"}],"about":[{"href":"https:\/\/lekridesign.com\/index.php\/wp-json\/wp\/v2\/types\/page"}],"author":[{"embeddable":true,"href":"https:\/\/lekridesign.com\/index.php\/wp-json\/wp\/v2\/users\/1"}],"replies":[{"embeddable":true,"href":"https:\/\/lekridesign.com\/index.php\/wp-json\/wp\/v2\/comments?post=8"}],"version-history":[{"count":25,"href":"https:\/\/lekridesign.com\/index.php\/wp-json\/wp\/v2\/pages\/8\/revisions"}],"predecessor-version":[{"id":354,"href":"https:\/\/lekridesign.com\/index.php\/wp-json\/wp\/v2\/pages\/8\/revisions\/354"}],"wp:featuredmedia":[{"embeddable":true,"href":"https:\/\/lekridesign.com\/index.php\/wp-json\/wp\/v2\/media\/162"}],"wp:attachment":[{"href":"https:\/\/lekridesign.com\/index.php\/wp-json\/wp\/v2\/media?parent=8"}],"curies":[{"name":"wp","href":"https:\/\/api.w.org\/{rel}","templated":true}]}}